{"id":3621,"date":"2023-08-05T14:06:58","date_gmt":"2023-08-05T14:06:58","guid":{"rendered":"https:\/\/phantaso.com\/?page_id=3621"},"modified":"2023-08-05T14:10:34","modified_gmt":"2023-08-05T14:10:34","slug":"kurumsal","status":"publish","type":"page","link":"https:\/\/phantaso.com\/index.php\/kurumsal\/","title":{"rendered":"Kurumsal"},"content":{"rendered":"\t\t<div data-elementor-type=\"wp-page\" data-elementor-id=\"3621\" class=\"elementor elementor-3621\" data-elementor-post-type=\"page\">\n\t\t\t\t\t\t\t\t\t<section class=\"elementor-section elementor-top-section elementor-element elementor-element-63fa13c elementor-section-boxed elementor-section-height-default elementor-section-height-default\" data-id=\"63fa13c\" data-element_type=\"section\">\n\t\t\t\t\t\t<div class=\"elementor-container elementor-column-gap-default\">\n\t\t\t\t\t<div class=\"elementor-column elementor-col-100 elementor-top-column elementor-element elementor-element-c788816\" data-id=\"c788816\" data-element_type=\"column\" data-settings=\"{&quot;background_background&quot;:&quot;classic&quot;}\">\n\t\t\t<div class=\"elementor-widget-wrap elementor-element-populated\">\n\t\t\t\t\t\t\t\t<div class=\"elementor-element elementor-element-c98e662 elementor-widget elementor-widget-spacer\" data-id=\"c98e662\" data-element_type=\"widget\" data-widget_type=\"spacer.default\">\n\t\t\t\t<div class=\"elementor-widget-container\">\n\t\t\t<style>\/*! elementor - v3.15.0 - 02-08-2023 *\/\n.elementor-column .elementor-spacer-inner{height:var(--spacer-size)}.e-con{--container-widget-width:100%}.e-con-inner>.elementor-widget-spacer,.e-con>.elementor-widget-spacer{width:var(--container-widget-width,var(--spacer-size));--align-self:var(--container-widget-align-self,initial);--flex-shrink:0}.e-con-inner>.elementor-widget-spacer>.elementor-widget-container,.e-con-inner>.elementor-widget-spacer>.elementor-widget-container>.elementor-spacer,.e-con>.elementor-widget-spacer>.elementor-widget-container,.e-con>.elementor-widget-spacer>.elementor-widget-container>.elementor-spacer{height:100%}.e-con-inner>.elementor-widget-spacer>.elementor-widget-container>.elementor-spacer>.elementor-spacer-inner,.e-con>.elementor-widget-spacer>.elementor-widget-container>.elementor-spacer>.elementor-spacer-inner{height:var(--container-widget-height,var(--spacer-size))}<\/style>\t\t<div class=\"elementor-spacer\">\n\t\t\t<div class=\"elementor-spacer-inner\"><\/div>\n\t\t<\/div>\n\t\t\t\t<\/div>\n\t\t\t\t<\/div>\n\t\t\t\t\t<\/div>\n\t\t<\/div>\n\t\t\t\t\t\t\t<\/div>\n\t\t<\/section>\n\t\t\t\t<section class=\"elementor-section elementor-top-section elementor-element elementor-element-1da09a2 elementor-section-boxed elementor-section-height-default elementor-section-height-default\" data-id=\"1da09a2\" data-element_type=\"section\">\n\t\t\t\t\t\t<div class=\"elementor-container elementor-column-gap-default\">\n\t\t\t\t\t<div class=\"elementor-column elementor-col-100 elementor-top-column elementor-element elementor-element-953b47c\" data-id=\"953b47c\" data-element_type=\"column\">\n\t\t\t<div class=\"elementor-widget-wrap elementor-element-populated\">\n\t\t\t\t\t\t\t\t<div class=\"elementor-element elementor-element-1e5db34 elementor-widget elementor-widget-heading\" data-id=\"1e5db34\" data-element_type=\"widget\" data-widget_type=\"heading.default\">\n\t\t\t\t<div class=\"elementor-widget-container\">\n\t\t\t<style>\/*! elementor - v3.15.0 - 02-08-2023 *\/\n.elementor-heading-title{padding:0;margin:0;line-height:1}.elementor-widget-heading .elementor-heading-title[class*=elementor-size-]>a{color:inherit;font-size:inherit;line-height:inherit}.elementor-widget-heading .elementor-heading-title.elementor-size-small{font-size:15px}.elementor-widget-heading .elementor-heading-title.elementor-size-medium{font-size:19px}.elementor-widget-heading .elementor-heading-title.elementor-size-large{font-size:29px}.elementor-widget-heading .elementor-heading-title.elementor-size-xl{font-size:39px}.elementor-widget-heading .elementor-heading-title.elementor-size-xxl{font-size:59px}<\/style><h2 class=\"elementor-heading-title elementor-size-default\">Kurumsal<\/h2>\t\t<\/div>\n\t\t\t\t<\/div>\n\t\t\t\t\t<\/div>\n\t\t<\/div>\n\t\t\t\t\t\t\t<\/div>\n\t\t<\/section>\n\t\t\t\t<section class=\"elementor-section elementor-top-section elementor-element elementor-element-0b6f1dd elementor-section-boxed elementor-section-height-default elementor-section-height-default\" data-id=\"0b6f1dd\" data-element_type=\"section\">\n\t\t\t\t\t\t<div class=\"elementor-container elementor-column-gap-default\">\n\t\t\t\t\t<div class=\"elementor-column elementor-col-100 elementor-top-column elementor-element elementor-element-7892389\" data-id=\"7892389\" data-element_type=\"column\">\n\t\t\t<div class=\"elementor-widget-wrap elementor-element-populated\">\n\t\t\t\t\t\t\t\t<div class=\"elementor-element elementor-element-d76c329 elementor-widget elementor-widget-text-editor\" data-id=\"d76c329\" data-element_type=\"widget\" data-widget_type=\"text-editor.default\">\n\t\t\t\t<div class=\"elementor-widget-container\">\n\t\t\t<style>\/*! elementor - v3.15.0 - 02-08-2023 *\/\n.elementor-widget-text-editor.elementor-drop-cap-view-stacked .elementor-drop-cap{background-color:#69727d;color:#fff}.elementor-widget-text-editor.elementor-drop-cap-view-framed .elementor-drop-cap{color:#69727d;border:3px solid;background-color:transparent}.elementor-widget-text-editor:not(.elementor-drop-cap-view-default) .elementor-drop-cap{margin-top:8px}.elementor-widget-text-editor:not(.elementor-drop-cap-view-default) .elementor-drop-cap-letter{width:1em;height:1em}.elementor-widget-text-editor .elementor-drop-cap{float:left;text-align:center;line-height:1;font-size:50px}.elementor-widget-text-editor .elementor-drop-cap-letter{display:inline-block}<\/style>\t\t\t\tT\u00fcrkiye\u2019nin in\u015faat sekt\u00f6r\u00fcndeki k\u00f6kl\u00fc ve g\u00fc\u00e7l\u00fc \u015firketi Yeni Ekol  olarak sosyal sorumluluk ilkelerimiz insana ve Do\u011faya duydu\u011fumuz sayg\u0131 ve sevgi projelerimiz \u00e7er\u00e7evesinde belirliyoruz. \u015eirket anlay\u0131\u015f\u0131m\u0131z\u0131n temelinde bulunan sosyal sorumluluk anlay\u0131\u015f\u0131m\u0131z\u0131, \u015firket projelerimizin b\u00fct\u00fcn\u00fcnde \u00f6n planda tutuyoruz. Projelerimizin sadece \u015firketimizi de\u011fil  toplumu da etkiledi\u011finin fark\u0131ndal\u0131\u011f\u0131 ile t\u00fcm \u00e7al\u0131\u015fma arkada\u015flar\u0131m\u0131zla  uyumlu, \u015feffaf ve g\u00fcvene dayanan bir i\u015fbirli\u011fi kurmak i\u00e7in \u00e7al\u0131\u015f\u0131yoruz.\n \nKurumsal sorumluluk anlay\u0131\u015f\u0131m\u0131z ve \u00f6nceliklerimiz, toplum ve \u00e7evre i\u00e7in en iyi olan\u0131 g\u00f6zetmemizi sa\u011fl\u0131yor.\n\t\t\t\t\t\t<\/div>\n\t\t\t\t<\/div>\n\t\t\t\t\t<\/div>\n\t\t<\/div>\n\t\t\t\t\t\t\t<\/div>\n\t\t<\/section>\n\t\t\t\t<section class=\"elementor-section elementor-top-section elementor-element elementor-element-3617294 elementor-section-boxed elementor-section-height-default elementor-section-height-default\" data-id=\"3617294\" data-element_type=\"section\">\n\t\t\t\t\t\t<div class=\"elementor-container elementor-column-gap-default\">\n\t\t\t\t\t<div class=\"elementor-column elementor-col-100 elementor-top-column elementor-element elementor-element-4519678\" data-id=\"4519678\" data-element_type=\"column\">\n\t\t\t<div class=\"elementor-widget-wrap elementor-element-populated\">\n\t\t\t\t\t\t\t\t<div class=\"elementor-element elementor-element-b79fef8 elementor-widget elementor-widget-heading\" data-id=\"b79fef8\" data-element_type=\"widget\" data-widget_type=\"heading.default\">\n\t\t\t\t<div class=\"elementor-widget-container\">\n\t\t\t<h2 class=\"elementor-heading-title elementor-size-default\">Kurumsal Sorumluluk \u0130lkelerimiz<\/h2>\t\t<\/div>\n\t\t\t\t<\/div>\n\t\t\t\t\t<\/div>\n\t\t<\/div>\n\t\t\t\t\t\t\t<\/div>\n\t\t<\/section>\n\t\t\t\t<section class=\"elementor-section elementor-top-section elementor-element elementor-element-7169903 elementor-section-boxed elementor-section-height-default elementor-section-height-default\" data-id=\"7169903\" data-element_type=\"section\">\n\t\t\t\t\t\t<div class=\"elementor-container elementor-column-gap-default\">\n\t\t\t\t\t<div class=\"elementor-column elementor-col-100 elementor-top-column elementor-element elementor-element-dbd0a6e\" data-id=\"dbd0a6e\" data-element_type=\"column\">\n\t\t\t<div class=\"elementor-widget-wrap elementor-element-populated\">\n\t\t\t\t\t\t\t\t<div class=\"elementor-element elementor-element-59dd31e elementor-widget elementor-widget-text-editor\" data-id=\"59dd31e\" data-element_type=\"widget\" data-widget_type=\"text-editor.default\">\n\t\t\t\t<div class=\"elementor-widget-container\">\n\t\t\t\t\t\t\tProjelerimizde g\u00f6sterdi\u011fimiz her alanda sorumluluklar\u0131m\u0131z\u0131n bilinciyle hareket ediyor,  g\u00fcvenilirli\u011fi ve kaliteli hizmeti esas al\u0131yoruz.\n \nKurumsal sorumluluk \u00e7er\u00e7evesinde \u00e7al\u0131\u015fma arkada\u015flar\u0131m\u0131z\u0131n  yer alabilecekleri sosyal ve toplumsal faaliyetlere g\u00f6n\u00fcll\u00fc olmalar\u0131 konusunda destek veriyoruz\n \n\u00c7al\u0131\u015fma ortaklar\u0131m\u0131z\u0131n ve arkada\u015flar\u0131m\u0131z\u0131n beklentilerini en \u00fcst seviyede kar\u015f\u0131lamak i\u00e7in \u00e7al\u0131\u015fmalar\u0131m\u0131z\u0131 h\u0131zl\u0131 bir \u015fekilde, topluma kar\u015f\u0131 sorumluluklar\u0131m\u0131z\u0131 zaman\u0131nda ve \u015feffafl\u0131k ilkesiyle yerine getiriyoruz.\n \nProjemiz hahilindeki b\u00f6lgelerde ekonomik hayat\u0131 ve ya\u015fam kalitesini y\u00fckseltmek i\u00e7in projeler \u00fcretiyoruz.  \n \nDaha sa\u011fl\u0131kl\u0131 bir sosyal ya\u015fam  i\u00e7in e\u011fitim, sanat, k\u00fclt\u00fcr,spor,bilim ve sa\u011fl\u0131k faaliyetlerine \u00e7al\u0131\u015fma arkada\u015flar\u0131m\u0131zla  birlikte destek oluyoruz. \n \n\u00c7al\u0131\u015fma enerjimizi ve g\u00fcc\u00fcm\u00fcz\u00fc destekleyen  bir \u00e7al\u0131\u015fma ortam\u0131 yaratmay\u0131 ve bu ortam\u0131n devaml\u0131l\u0131g\u0131n\u0131 sa\u011flamaya \u00f6nem veriyoruz.\n\nDo\u011fay\u0131 seviyor ve onu  koruyoruz. \n\t\t\t\t\t\t<\/div>\n\t\t\t\t<\/div>\n\t\t\t\t\t<\/div>\n\t\t<\/div>\n\t\t\t\t\t\t\t<\/div>\n\t\t<\/section>\n\t\t\t\t\t\t\t<\/div>\n\t\t","protected":false},"excerpt":{"rendered":"<p>Kurumsal T\u00fcrkiye\u2019nin in\u015faat sekt\u00f6r\u00fcndeki k\u00f6kl\u00fc ve g\u00fc\u00e7l\u00fc \u015firketi Yeni Ekol olarak sosyal sorumluluk ilkelerimiz insana ve Do\u011faya duydu\u011fumuz sayg\u0131 ve sevgi projelerimiz [&hellip;]<\/p>\n","protected":false},"author":2,"featured_media":0,"parent":0,"menu_order":0,"comment_status":"closed","ping_status":"closed","template":"","meta":{"footnotes":""},"class_list":["post-3621","page","type-page","status-publish","hentry"],"_links":{"self":[{"href":"https:\/\/phantaso.com\/index.php\/wp-json\/wp\/v2\/pages\/3621","targetHints":{"allow":["GET"]}}],"collection":[{"href":"https:\/\/phantaso.com\/index.php\/wp-json\/wp\/v2\/pages"}],"about":[{"href":"https:\/\/phantaso.com\/index.php\/wp-json\/wp\/v2\/types\/page"}],"author":[{"embeddable":true,"href":"https:\/\/phantaso.com\/index.php\/wp-json\/wp\/v2\/users\/2"}],"replies":[{"embeddable":true,"href":"https:\/\/phantaso.com\/index.php\/wp-json\/wp\/v2\/comments?post=3621"}],"version-history":[{"count":4,"href":"https:\/\/phantaso.com\/index.php\/wp-json\/wp\/v2\/pages\/3621\/revisions"}],"predecessor-version":[{"id":3626,"href":"https:\/\/phantaso.com\/index.php\/wp-json\/wp\/v2\/pages\/3621\/revisions\/3626"}],"wp:attachment":[{"href":"https:\/\/phantaso.com\/index.php\/wp-json\/wp\/v2\/media?parent=3621"}],"curies":[{"name":"wp","href":"https:\/\/api.w.org\/{rel}","templated":true}]}}