{"id":3464,"date":"2023-07-30T12:40:55","date_gmt":"2023-07-30T12:40:55","guid":{"rendered":"https:\/\/phantaso.com\/?post_type=product&#038;p=3464"},"modified":"2023-08-12T18:16:05","modified_gmt":"2023-08-12T18:16:05","slug":"phantaso-bodrum-mandarin-cologne","status":"publish","type":"product","link":"https:\/\/phantaso.com\/index.php\/urun\/phantaso-bodrum-mandarin-cologne\/","title":{"rendered":"Phantaso Bodrum Mandarin Cologne"},"content":{"rendered":"<div class=\"page\" title=\"Page 1\">\n<div class=\"section\">\n<div class=\"layoutArea\">\n<div class=\"column\">\n<p>Bodrumda yetis\u0327en ve es\u0327siz taze kokusuyla u\u0308n kazanan bodrum mandalinas\u0131n\u0131n es\u0327siz formu\u0308lu\u0308mu\u0308zle sizlerle bulus\u0327mas\u0131<\/p>\n<p>Ferahl\u0131k verir<br \/>\nCildi canland\u0131r\u0131r.<br \/>\nSize gu\u0308n boyu nes\u0327e katarak enerji verecektir.<\/p>\n<p>Bodrumun mandalinas\u0131 kadar gu\u0308zel ve c\u0327ekici tenler ic\u0327in tasarlanm\u0131s\u0327t\u0131r.<\/p>\n<p>Her kullan\u0131mda kendinizi bodrumun mandalina ag\u0306ac\u0327lar\u0131 ic\u0327inde hissedecek, etraf\u0131n\u0131zdaki herkesi gu\u0308n boyu bu\u0308yu\u0308leyeceksiniz. Hem kad\u0131nlar\u0131 hem de erkekleri oldukc\u0327a cezbeden &#8220;Phantaso Bodrum Mandalina Kolonyas\u0131<\/p>\n<\/div>\n<\/div>\n<\/div>\n<\/div>\n","protected":false},"excerpt":{"rendered":"<p>Bodrumda yetis\u0327en ve es\u0327siz taze kokusuyla u\u0308n kazanan bodrum mandalinas\u0131n\u0131n es\u0327siz formu\u0308lu\u0308mu\u0308zle sizlerle bulus\u0327mas\u0131 Ferahl\u0131k verir Cildi canland\u0131r\u0131r. Size gu\u0308n boyu nes\u0327e [&hellip;]<\/p>\n","protected":false},"featured_media":3644,"comment_status":"closed","ping_status":"closed","template":"","meta":[],"product_cat":[38],"product_tag":[],"class_list":["post-3464","product","type-product","status-publish","has-post-thumbnail","hentry","product_cat-kolonya"],"_links":{"self":[{"href":"https:\/\/phantaso.com\/index.php\/wp-json\/wp\/v2\/product\/3464","targetHints":{"allow":["GET"]}}],"collection":[{"href":"https:\/\/phantaso.com\/index.php\/wp-json\/wp\/v2\/product"}],"about":[{"href":"https:\/\/phantaso.com\/index.php\/wp-json\/wp\/v2\/types\/product"}],"replies":[{"embeddable":true,"href":"https:\/\/phantaso.com\/index.php\/wp-json\/wp\/v2\/comments?post=3464"}],"wp:featuredmedia":[{"embeddable":true,"href":"https:\/\/phantaso.com\/index.php\/wp-json\/wp\/v2\/media\/3644"}],"wp:attachment":[{"href":"https:\/\/phantaso.com\/index.php\/wp-json\/wp\/v2\/media?parent=3464"}],"wp:term":[{"taxonomy":"product_cat","embeddable":true,"href":"https:\/\/phantaso.com\/index.php\/wp-json\/wp\/v2\/product_cat?post=3464"},{"taxonomy":"product_tag","embeddable":true,"href":"https:\/\/phantaso.com\/index.php\/wp-json\/wp\/v2\/product_tag?post=3464"}],"curies":[{"name":"wp","href":"https:\/\/api.w.org\/{rel}","templated":true}]}}