{"id":3471,"date":"2023-07-30T12:52:49","date_gmt":"2023-07-30T12:52:49","guid":{"rendered":"https:\/\/phantaso.com\/?post_type=product&#038;p=3471"},"modified":"2023-08-12T18:09:28","modified_gmt":"2023-08-12T18:09:28","slug":"phantaso-orange-flower-cologne","status":"publish","type":"product","link":"https:\/\/phantaso.com\/index.php\/urun\/phantaso-orange-flower-cologne\/","title":{"rendered":"Phantaso Orange Flower Cologne"},"content":{"rendered":"<div class=\"page\" title=\"Page 1\">\n<div class=\"section\">\n<div class=\"layoutArea\">\n<div class=\"column\">\n<p>Ferahl\u0131k ve canl\u0131l\u0131k veren portakal es\u0327siz formu\u0308l ile size sunduk Ferahl\u0131k verir<br \/>\nCildi canland\u0131r\u0131r.<br \/>\nSize gu\u0308n boyu nes\u0327e katarak enerji verecektir<\/p>\n<p>Gu\u0308n boyu tezelik ve canl\u0131l\u0131k verir<\/p>\n<p>Portakal ag\u0306ac\u0327lar\u0131n\u0131n tatl\u0131 esintisini u\u0308zerinizde hissetmenizi sag\u0306layacak &#8221; phantaso orange&#8221; ile gu\u0308n boyu kendinizi capcanl\u0131 hissedeceksiniz. Kad\u0131n ve erkeg\u0306in ortak kolonyas\u0131 ve mucizevi birles\u0327imi. Kars\u0327\u0131 koyulmaz etkiles\u0327im ve c\u0327ekicilig\u0306i kolonyada bulacaks\u0131n\u0131z. Portakal ag\u0306ac\u0327lar\u0131n\u0131n tatl\u0131 kokusu sizi ve etraf\u0131n\u0131zdakileri bu\u0308yu\u0308leyecek.Her kullan\u0131mda Gu\u0308n boyu canl\u0131l\u0131k ve ferahl\u0131k hissini yas\u0327ayacaks\u0131n\u0131z.<\/p>\n<\/div>\n<\/div>\n<\/div>\n<\/div>\n","protected":false},"excerpt":{"rendered":"<p>Ferahl\u0131k ve canl\u0131l\u0131k veren portakal es\u0327siz formu\u0308l ile size sunduk Ferahl\u0131k verir Cildi canland\u0131r\u0131r. Size gu\u0308n boyu nes\u0327e katarak enerji verecektir Gu\u0308n [&hellip;]<\/p>\n","protected":false},"featured_media":3648,"comment_status":"closed","ping_status":"closed","template":"","meta":[],"product_cat":[38],"product_tag":[],"class_list":["post-3471","product","type-product","status-publish","has-post-thumbnail","hentry","product_cat-kolonya"],"_links":{"self":[{"href":"https:\/\/phantaso.com\/index.php\/wp-json\/wp\/v2\/product\/3471","targetHints":{"allow":["GET"]}}],"collection":[{"href":"https:\/\/phantaso.com\/index.php\/wp-json\/wp\/v2\/product"}],"about":[{"href":"https:\/\/phantaso.com\/index.php\/wp-json\/wp\/v2\/types\/product"}],"replies":[{"embeddable":true,"href":"https:\/\/phantaso.com\/index.php\/wp-json\/wp\/v2\/comments?post=3471"}],"wp:featuredmedia":[{"embeddable":true,"href":"https:\/\/phantaso.com\/index.php\/wp-json\/wp\/v2\/media\/3648"}],"wp:attachment":[{"href":"https:\/\/phantaso.com\/index.php\/wp-json\/wp\/v2\/media?parent=3471"}],"wp:term":[{"taxonomy":"product_cat","embeddable":true,"href":"https:\/\/phantaso.com\/index.php\/wp-json\/wp\/v2\/product_cat?post=3471"},{"taxonomy":"product_tag","embeddable":true,"href":"https:\/\/phantaso.com\/index.php\/wp-json\/wp\/v2\/product_tag?post=3471"}],"curies":[{"name":"wp","href":"https:\/\/api.w.org\/{rel}","templated":true}]}}